{"id":12826,"date":"2023-04-25T11:33:35","date_gmt":"2023-04-25T11:33:35","guid":{"rendered":"http:\/\/razemnawyzyny.pl\/?page_id=12826"},"modified":"2023-04-25T11:56:20","modified_gmt":"2023-04-25T11:56:20","slug":"wywiady-z-grupami-spolecznymi","status":"publish","type":"page","link":"https:\/\/razemnawyzyny.pl\/wywiady-z-grupami-spolecznymi\/","title":{"rendered":"Wywiady z grupami spo\u0142ecznymi"},"content":{"rendered":"\n<figure class=\"wp-block-embed is-type-wp-embed is-provider-stowarzyszenie-quot-razem-na-wyzyny-quot wp-block-embed-stowarzyszenie-quot-razem-na-wyzyny-quot\"><div class=\"wp-block-embed__wrapper\">\n<blockquote class=\"wp-embedded-content\" data-secret=\"C9Bj0GoRH9\"><a href=\"https:\/\/razemnawyzyny.pl\/wazny-glos-w-sprawie-nowej-lsr-wywiady-z-grupami-spolecznymi\/\">Wa\u017cny g\u0142os w&nbsp;sprawie nowej LSR &#8211; wywiady z&nbsp;grupami spo\u0142ecznymi.<\/a><\/blockquote><iframe class=\"wp-embedded-content\" sandbox=\"allow-scripts\" security=\"restricted\" style=\"position: absolute; clip: rect(1px, 1px, 1px, 1px);\" title=\"&#8222;Wa\u017cny g\u0142os w&nbsp;sprawie nowej LSR &#8211; wywiady z&nbsp;grupami spo\u0142ecznymi.&#8221; &#8212; Stowarzyszenie &quot;Razem na wy\u017cyny&quot;\" src=\"https:\/\/razemnawyzyny.pl\/wazny-glos-w-sprawie-nowej-lsr-wywiady-z-grupami-spolecznymi\/embed\/#?secret=KdYyDprGlA#?secret=C9Bj0GoRH9\" data-secret=\"C9Bj0GoRH9\" width=\"600\" height=\"338\" frameborder=\"0\" marginwidth=\"0\" marginheight=\"0\" scrolling=\"no\"><\/iframe>\n<\/div><\/figure>\n\n\n\n<figure class=\"wp-block-embed is-type-wp-embed is-provider-stowarzyszenie-quot-razem-na-wyzyny-quot wp-block-embed-stowarzyszenie-quot-razem-na-wyzyny-quot\"><div class=\"wp-block-embed__wrapper\">\n<blockquote class=\"wp-embedded-content\" data-secret=\"mAyao2pFcA\"><a href=\"https:\/\/razemnawyzyny.pl\/spotkanie-konsultacyjne-z-rolnikami\/\">Spotkanie konsultacyjne z&nbsp;rolnikami<\/a><\/blockquote><iframe class=\"wp-embedded-content\" sandbox=\"allow-scripts\" security=\"restricted\" style=\"position: absolute; clip: rect(1px, 1px, 1px, 1px);\" title=\"&#8222;Spotkanie konsultacyjne z&nbsp;rolnikami&#8221; &#8212; Stowarzyszenie &quot;Razem na wy\u017cyny&quot;\" src=\"https:\/\/razemnawyzyny.pl\/spotkanie-konsultacyjne-z-rolnikami\/embed\/#?secret=mjkWEzpLDD#?secret=mAyao2pFcA\" data-secret=\"mAyao2pFcA\" width=\"600\" height=\"338\" frameborder=\"0\" marginwidth=\"0\" marginheight=\"0\" scrolling=\"no\"><\/iframe>\n<\/div><\/figure>\n","protected":false},"excerpt":{"rendered":"https:\/\/razemnawyzyny.pl\/wazny-glos-w-sprawie-nowej-lsr-wywiady-z-grupami-spolecznymi\/ https:\/\/razemnawyzyny.pl\/spotkanie-konsultacyjne-z-rolnikami\/","protected":false},"author":11,"featured_media":0,"parent":0,"menu_order":0,"comment_status":"closed","ping_status":"closed","template":"","meta":{"footnotes":""},"yoast_head":"<!-- This site is optimized with the Yoast SEO plugin v22.7 - https:\/\/yoast.com\/wordpress\/plugins\/seo\/ -->\n<title>Wywiady z grupami spo\u0142ecznymi - Stowarzyszenie &quot;Razem na wy\u017cyny&quot;<\/title>\n<meta name=\"robots\" content=\"index, follow, max-snippet:-1, max-image-preview:large, max-video-preview:-1\" \/>\n<link rel=\"canonical\" href=\"https:\/\/razemnawyzyny.pl\/wywiady-z-grupami-spolecznymi\/\" \/>\n<meta property=\"og:locale\" content=\"pl_PL\" \/>\n<meta property=\"og:type\" content=\"article\" \/>\n<meta property=\"og:title\" content=\"Wywiady z grupami spo\u0142ecznymi - Stowarzyszenie &quot;Razem na wy\u017cyny&quot;\" \/>\n<meta property=\"og:url\" content=\"https:\/\/razemnawyzyny.pl\/wywiady-z-grupami-spolecznymi\/\" \/>\n<meta property=\"og:site_name\" content=\"Stowarzyszenie &quot;Razem na wy\u017cyny&quot;\" \/>\n<meta property=\"article:modified_time\" content=\"2023-04-25T11:56:20+00:00\" \/>\n<meta name=\"twitter:card\" content=\"summary_large_image\" \/>\n<script type=\"application\/ld+json\" class=\"yoast-schema-graph\">{\"@context\":\"https:\/\/schema.org\",\"@graph\":[{\"@type\":\"WebPage\",\"@id\":\"https:\/\/razemnawyzyny.pl\/wywiady-z-grupami-spolecznymi\/\",\"url\":\"https:\/\/razemnawyzyny.pl\/wywiady-z-grupami-spolecznymi\/\",\"name\":\"Wywiady z grupami spo\u0142ecznymi - Stowarzyszenie &quot;Razem na wy\u017cyny&quot;\",\"isPartOf\":{\"@id\":\"https:\/\/razemnawyzyny.pl\/#website\"},\"datePublished\":\"2023-04-25T11:33:35+00:00\",\"dateModified\":\"2023-04-25T11:56:20+00:00\",\"breadcrumb\":{\"@id\":\"https:\/\/razemnawyzyny.pl\/wywiady-z-grupami-spolecznymi\/#breadcrumb\"},\"inLanguage\":\"pl-PL\",\"potentialAction\":[{\"@type\":\"ReadAction\",\"target\":[\"https:\/\/razemnawyzyny.pl\/wywiady-z-grupami-spolecznymi\/\"]}]},{\"@type\":\"BreadcrumbList\",\"@id\":\"https:\/\/razemnawyzyny.pl\/wywiady-z-grupami-spolecznymi\/#breadcrumb\",\"itemListElement\":[{\"@type\":\"ListItem\",\"position\":1,\"name\":\"Strona g\u0142\u00f3wna\",\"item\":\"https:\/\/razemnawyzyny.pl\/\"},{\"@type\":\"ListItem\",\"position\":2,\"name\":\"Wywiady z grupami spo\u0142ecznymi\"}]},{\"@type\":\"WebSite\",\"@id\":\"https:\/\/razemnawyzyny.pl\/#website\",\"url\":\"https:\/\/razemnawyzyny.pl\/\",\"name\":\"Stowarzyszenie &quot;Razem na wy\u017cyny&quot;\",\"description\":\"Stowarzyszenie\",\"potentialAction\":[{\"@type\":\"SearchAction\",\"target\":{\"@type\":\"EntryPoint\",\"urlTemplate\":\"https:\/\/razemnawyzyny.pl\/?s={search_term_string}\"},\"query-input\":\"required name=search_term_string\"}],\"inLanguage\":\"pl-PL\"}]}<\/script>\n<!-- \/ Yoast SEO plugin. -->","yoast_head_json":{"title":"Wywiady z grupami spo\u0142ecznymi - Stowarzyszenie &quot;Razem na wy\u017cyny&quot;","robots":{"index":"index","follow":"follow","max-snippet":"max-snippet:-1","max-image-preview":"max-image-preview:large","max-video-preview":"max-video-preview:-1"},"canonical":"https:\/\/razemnawyzyny.pl\/wywiady-z-grupami-spolecznymi\/","og_locale":"pl_PL","og_type":"article","og_title":"Wywiady z grupami spo\u0142ecznymi - Stowarzyszenie &quot;Razem na wy\u017cyny&quot;","og_url":"https:\/\/razemnawyzyny.pl\/wywiady-z-grupami-spolecznymi\/","og_site_name":"Stowarzyszenie &quot;Razem na wy\u017cyny&quot;","article_modified_time":"2023-04-25T11:56:20+00:00","twitter_card":"summary_large_image","schema":{"@context":"https:\/\/schema.org","@graph":[{"@type":"WebPage","@id":"https:\/\/razemnawyzyny.pl\/wywiady-z-grupami-spolecznymi\/","url":"https:\/\/razemnawyzyny.pl\/wywiady-z-grupami-spolecznymi\/","name":"Wywiady z grupami spo\u0142ecznymi - Stowarzyszenie &quot;Razem na wy\u017cyny&quot;","isPartOf":{"@id":"https:\/\/razemnawyzyny.pl\/#website"},"datePublished":"2023-04-25T11:33:35+00:00","dateModified":"2023-04-25T11:56:20+00:00","breadcrumb":{"@id":"https:\/\/razemnawyzyny.pl\/wywiady-z-grupami-spolecznymi\/#breadcrumb"},"inLanguage":"pl-PL","potentialAction":[{"@type":"ReadAction","target":["https:\/\/razemnawyzyny.pl\/wywiady-z-grupami-spolecznymi\/"]}]},{"@type":"BreadcrumbList","@id":"https:\/\/razemnawyzyny.pl\/wywiady-z-grupami-spolecznymi\/#breadcrumb","itemListElement":[{"@type":"ListItem","position":1,"name":"Strona g\u0142\u00f3wna","item":"https:\/\/razemnawyzyny.pl\/"},{"@type":"ListItem","position":2,"name":"Wywiady z grupami spo\u0142ecznymi"}]},{"@type":"WebSite","@id":"https:\/\/razemnawyzyny.pl\/#website","url":"https:\/\/razemnawyzyny.pl\/","name":"Stowarzyszenie &quot;Razem na wy\u017cyny&quot;","description":"Stowarzyszenie","potentialAction":[{"@type":"SearchAction","target":{"@type":"EntryPoint","urlTemplate":"https:\/\/razemnawyzyny.pl\/?s={search_term_string}"},"query-input":"required name=search_term_string"}],"inLanguage":"pl-PL"}]}},"_links":{"self":[{"href":"https:\/\/razemnawyzyny.pl\/wp-json\/wp\/v2\/pages\/12826"}],"collection":[{"href":"https:\/\/razemnawyzyny.pl\/wp-json\/wp\/v2\/pages"}],"about":[{"href":"https:\/\/razemnawyzyny.pl\/wp-json\/wp\/v2\/types\/page"}],"author":[{"embeddable":true,"href":"https:\/\/razemnawyzyny.pl\/wp-json\/wp\/v2\/users\/11"}],"replies":[{"embeddable":true,"href":"https:\/\/razemnawyzyny.pl\/wp-json\/wp\/v2\/comments?post=12826"}],"version-history":[{"count":2,"href":"https:\/\/razemnawyzyny.pl\/wp-json\/wp\/v2\/pages\/12826\/revisions"}],"predecessor-version":[{"id":12828,"href":"https:\/\/razemnawyzyny.pl\/wp-json\/wp\/v2\/pages\/12826\/revisions\/12828"}],"wp:attachment":[{"href":"https:\/\/razemnawyzyny.pl\/wp-json\/wp\/v2\/media?parent=12826"}],"curies":[{"name":"wp","href":"https:\/\/api.w.org\/{rel}","templated":true}]}}