{"id":9125,"date":"2020-05-21T10:28:32","date_gmt":"2020-05-21T10:28:32","guid":{"rendered":"http:\/\/razemnawyzyny.pl\/?page_id=9125"},"modified":"2020-06-29T10:06:50","modified_gmt":"2020-06-29T10:06:50","slug":"zrealizowane-zadania-mar","status":"publish","type":"page","link":"https:\/\/razemnawyzyny.pl\/projekt-grantowy-mar\/zrealizowane-zadania-mar\/","title":{"rendered":"Zrealizowane zadania MAR"},"content":{"rendered":"<p>&nbsp;<\/p>\n<p><a href=\"http:\/\/razemnawyzyny.pl\/zapraszamy-piknik-dzieciecy\/attachment\/222\/\" rel=\"attachment wp-att-8439\"><img loading=\"lazy\" decoding=\"async\" class=\"wp-image-8439 size-full alignleft\" src=\"http:\/\/razemnawyzyny.pl\/wp-content\/uploads\/2019\/07\/222-e1590053392868.jpg\" alt=\"\" width=\"250\" height=\"353\" \/><\/a>Ochotnicza Stra\u017c Po\u017carna w Zdrowej &#8211; \u201eBudowa centrum aktywno\u015bci ruchowej dla dzieci w miejscowo\u015bci Zdrowa.\u201d<\/p>\n<p>&nbsp;<\/p>\n<h2><span style=\"color: #ff6600;\">\u21d2<\/span><strong><a href=\"http:\/\/razemnawyzyny.pl\/projekt-grantowy-mar\/zrealizowane-zadania-mar\/ochotnicza-straz-pozarna-zdrowej-budowa-centrum-aktywnosci-ruchowej-dla-dzieci-miejscowosci-zdrowa\/\">WI\u0118CEJ<\/a><span style=\"color: #ff6600;\">\u21d0<\/span><\/strong><\/h2>\n<p>&nbsp;<\/p>\n<p>&nbsp;<\/p>\n<p>&nbsp;<\/p>\n<p>___________________________________________________________________<\/p>\n<p><a href=\"http:\/\/razemnawyzyny.pl\/projekt-grantowy-mar-zrealizowane-zadania-mar\/20190418_125735\/\" rel=\"attachment wp-att-9144\"><img loading=\"lazy\" decoding=\"async\" class=\"wp-image-9144 size-full alignleft\" src=\"http:\/\/razemnawyzyny.pl\/wp-content\/uploads\/2020\/05\/20190418_125735-e1590056652758.jpg\" alt=\"\" width=\"250\" height=\"345\" \/><\/a>OCHOTNICZA STRA\u017b PO\u017bARNA W JACKOWIE &#8211; \u201ePLENEROWY FITNESS-utworzenie si\u0142owni zewn\u0119trznej w miejscowo\u015bci Baby.&#8221;<\/p>\n<p>&nbsp;<\/p>\n<h2><span style=\"color: #ff6600;\">\u21d2<\/span><strong><a href=\"https:\/\/razemnawyzyny.pl\/ochotnicza-straz-pozarna-jackowie-plenerowy-fitness-utworzenie-silowni-zewnetrznej-miejscowosci-baby\/\">WI\u0118CEJ<\/a><span style=\"color: #ff6600;\">\u21d0<\/span><\/strong><\/h2>\n<p>&nbsp;<\/p>\n<p>&nbsp;<\/p>\n<p>&nbsp;<\/p>\n<p>________________________________________________________________________<\/p>\n<p><a href=\"http:\/\/razemnawyzyny.pl\/zapraszamy-piknik-rodzinny\/lgota-mala\/\" rel=\"attachment wp-att-8278\"><img loading=\"lazy\" decoding=\"async\" class=\"alignleft wp-image-8278 size-full\" src=\"http:\/\/razemnawyzyny.pl\/wp-content\/uploads\/2019\/05\/LGota-Ma\u0142a-e1590053461972.png\" alt=\"\" width=\"250\" height=\"359\" \/><\/a>Klub Sportowy &#8222;P\u0142omie\u0144&#8221; Lgota Ma\u0142a &#8211; \u201eZakup i monta\u017c pi\u0142ko chwyt\u00f3w wraz z zakupem koszy do segregacji \u015bmieci.&#8221;<\/p>\n<p>&nbsp;<\/p>\n<p>&nbsp;<\/p>\n<h2><span style=\"color: #ff6600;\">\u21d2<\/span><strong><a href=\"http:\/\/razemnawyzyny.pl\/projekt-grantowy-mar\/zrealizowane-zadania-mar\/klub-sportowy-plomien-lgota-mala-zakup-i-montaz-pilkochwytow-wraz-z-zakupem-koszy-do-segregacji-smieci\/\">WI\u0118CEJ<\/a><span style=\"color: #ff6600;\">\u21d0<\/span><\/strong><\/h2>\n<p>&nbsp;<\/p>\n<p>&nbsp;<\/p>\n<p>______________________________________________________________<\/p>\n<p><a href=\"http:\/\/razemnawyzyny.pl\/projekt-grantowy-mar-zrealizowane-zadania-mar\/budowa-ogolnodostepnej-strefy-aktywnosci-ruchowej-silowni-zewnetrznej-w-miejscowosci-koscielec\/\" rel=\"attachment wp-att-9142\"><img loading=\"lazy\" decoding=\"async\" class=\"wp-image-9142 size-full alignleft\" src=\"http:\/\/razemnawyzyny.pl\/wp-content\/uploads\/2020\/05\/Budowa-og\u00f3lnodost\u0119pnej-strefy-aktywno\u015bci-ruchowej-\u2013-si\u0142owni-zewn\u0119trznej-w-miejscowo\u015bci-Ko\u015bcielec.\u201d-e1590055905196.png\" alt=\"\" width=\"250\" height=\"354\" \/><\/a>Ludowy Klub Sportowy Lotnik &#8211; \u201eBudowa og\u00f3lnodost\u0119pnej strefy aktywno\u015bci ruchowej &#8211; si\u0142owni zewn\u0119trznej w miejscowo\u015bci Ko\u015bcielec.&#8221;<\/p>\n<p>&nbsp;<\/p>\n<p>&nbsp;<\/p>\n<h2><span style=\"color: #ff0000;\">\u21d2<\/span><strong><a href=\"https:\/\/razemnawyzyny.pl\/ludowy-klub-sportowy-lotnik-budowa-ogolnodostepnej-strefy-aktywnosci-ruchowej-silowni-zewnetrznej-miejscowosci-koscielec\/\">WI\u0118CEJ<\/a><span style=\"color: #ff0000;\">\u21d0<\/span><\/strong><\/h2>\n<p>&nbsp;<\/p>\n<p>&nbsp;<\/p>\n<p>_______________________________________________________________________<\/p>\n<p><a href=\"http:\/\/razemnawyzyny.pl\/plakat-festyn-gotowy\/\"><img loading=\"lazy\" decoding=\"async\" class=\"alignleft wp-image-8310 size-full\" src=\"http:\/\/razemnawyzyny.pl\/wp-content\/uploads\/2019\/06\/plakat-festyn-gotowy-e1590053479368.png\" alt=\"\" width=\"250\" height=\"362\" \/><\/a>STOWARZYSZENIE&#8221;AKTYWNIE DZIA\u0141AJMY RAZEM&#8221; &#8211; \u201eAktywnie ! Bezpiecznie ! Rodzinnie!-budowa liniowego placu zabaw w Czarnym Lesie.&#8221;<\/p>\n<p>&nbsp;<\/p>\n<p>&nbsp;<\/p>\n<h2><span style=\"color: #ff6600;\">\u21d2<\/span><strong><a href=\"https:\/\/razemnawyzyny.pl\/stowarzyszenieaktywnie-dzialajmy-razem-aktywnie-bezpiecznie-rodzinnie-budowa-liniowego-placu-zabaw-czarnym-lesie\/\">WI\u0118CEJ<\/a><span style=\"color: #ff6600;\">\u21d0<\/span><\/strong><\/h2>\n<p>&nbsp;<\/p>\n<p>&nbsp;<\/p>\n<p>___________________________________________________________________<\/p>\n<p><a href=\"http:\/\/razemnawyzyny.pl\/projekt-grantowy-mar-zrealizowane-zadania-mar\/break-the-cycle-of-drug-abuse\/\" rel=\"attachment wp-att-9139\"><img loading=\"lazy\" decoding=\"async\" class=\"wp-image-9139 size-full alignleft\" src=\"http:\/\/razemnawyzyny.pl\/wp-content\/uploads\/2020\/05\/Break-the-cycle-of-drug-abuse.-e1590055128967.png\" alt=\"\" width=\"250\" height=\"354\" \/><\/a>Ochotnicza Stra\u017c Po\u017carna Karczewice-Garnek &#8211; \u201ePrzygotowanie miejsca aktywno\u015bci ruchowej w so\u0142ectwie Karczewice polegaj\u0105cego na monta\u017cu dw\u00f3ch urz\u0105dze\u0144 zabawowych, solarnej lampy na s\u0142upie z kamer\u0105 oraz tablicy informacyjnej.&#8221;<\/p>\n<p>&nbsp;<\/p>\n<h2><span style=\"color: #ff0000;\">\u21d2<\/span><strong><a href=\"https:\/\/razemnawyzyny.pl\/projekt-grantowy-mar\/zrealizowane-zadania-mar\/ochotnicza-straz-pozarna-karczewice-garnek-przygotowanie-miejsca-aktywnosci-ruchowej-solectwie-karczewice-polegajacego-montazu-dwoch-urzadzen-zabawowych-solarnej-lampy-slup\/\">WI\u0118CEJ<\/a><span style=\"color: #ff0000;\">\u21d0<\/span><\/strong><\/h2>\n<p>&nbsp;<\/p>\n<p>&nbsp;<\/p>\n<p>___________________________________________________________________<\/p>\n<p><a href=\"http:\/\/razemnawyzyny.pl\/projekt-grantowy-mar-zrealizowane-zadania-mar\/unnamed-1\/\" rel=\"attachment wp-att-9127\"><img loading=\"lazy\" decoding=\"async\" class=\"alignleft wp-image-9127 size-full\" src=\"http:\/\/razemnawyzyny.pl\/wp-content\/uploads\/2020\/05\/unnamed-1-e1590053496765.jpg\" alt=\"\" width=\"250\" height=\"344\" \/><\/a>Ochotnicza Stra\u017c Po\u017carna w Ulesiu &#8211; \u201eOSP Ulesie si\u0142owni\u0119 buduje i do aktywno\u015bci ruchowej mobilizuje&#8221;<\/p>\n<p>&nbsp;<\/p>\n<p>&nbsp;<\/p>\n<p>&nbsp;<\/p>\n<h2><span style=\"color: #ff0000;\">\u21d2<\/span><strong><a href=\"https:\/\/razemnawyzyny.pl\/ochotnicza-straz-pozarna-ulesiu-osp-ulesie-silownie-buduje-aktywnosci-ruchowej-mobilizuje\/?preview_id=9433&amp;preview_nonce=c5eec2e8a0&amp;_thumbnail_id=-1&amp;preview=true\">WI\u0118CEJ<\/a><span style=\"color: #ff0000;\">\u21d0<\/span><\/strong><\/h2>\n<p>&nbsp;<\/p>\n<p>_____________________________________________________________________<\/p>\n<p><a href=\"http:\/\/razemnawyzyny.pl\/marsz-nordic-walking\/plakat-dabrowa\/\" rel=\"attachment wp-att-8174\"><img loading=\"lazy\" decoding=\"async\" class=\"alignleft wp-image-8174 size-full\" src=\"http:\/\/razemnawyzyny.pl\/wp-content\/uploads\/2019\/05\/plakat-d\u0105browa-e1590053525603.jpg\" alt=\"\" width=\"250\" height=\"351\" \/><\/a><\/p>\n<p>&nbsp;<\/p>\n<p>Stowarzyszenie na Rzecz Rozwoju Gminy D\u0105browa Zielona &#8222;D\u0105browiacy&#8221; &#8211; \u201eBudowa si\u0142owni zewn\u0119trznych na terenie Gminy D\u0105browa Zielona wraz z organizacj\u0105 Gminnego Marszu Nordic Walking i oznakowania trasy do nordic walking.&#8221;<\/p>\n<p>&nbsp;<\/p>\n<h2><span style=\"color: #ff0000;\">\u21d2<\/span><strong><a href=\"https:\/\/razemnawyzyny.pl\/ochotnicza-straz-pozarna-ulesiu-osp-ulesie-silownie-buduje-aktywnosci-ruchowej-mobilizuje\/\">WI\u0118CEJ<\/a><span style=\"color: #ff0000;\">\u21d0<\/span><\/strong><\/h2>\n<p>&nbsp;<\/p>\n<p>____________________________________________________________________<\/p>\n<p><a href=\"http:\/\/razemnawyzyny.pl\/zapraszamy-piknik-rodzinny\/screen-shot-05-24-19-at-12-14-pm\/\" rel=\"attachment wp-att-8277\"><img loading=\"lazy\" decoding=\"async\" class=\"alignleft wp-image-8277 size-full\" src=\"http:\/\/razemnawyzyny.pl\/wp-content\/uploads\/2019\/05\/Screen-Shot-05-24-19-at-12.14-PM-e1590053550146.png\" alt=\"\" width=\"250\" height=\"352\" \/><\/a>Stowarzyszenie Rozwoju Zespo\u0142u Szkolno-Przedszkolnego im. Jana Paw\u0142a II w Rudnikach &#8211; \u201eRozw\u00f3j og\u00f3lnodost\u0119pnej i niekomercyjnej infrastruktury rekreacyjnej poprzez stworzenie boiska wielofunkcyjnego do siatk\u00f3wki pla\u017cowej, pi\u0142ki r\u0119cznej pla\u017cowej oraz pi\u0142ki no\u017cnej pla\u017cowej w miejscowo\u015bci Rudniki.&#8221;<\/p>\n<p>&nbsp;<\/p>\n<h2><span style=\"color: #ff0000;\">\u21d2<\/span><strong><a href=\"https:\/\/razemnawyzyny.pl\/projekt-grantowy-mar\/zrealizowane-zadania-mar\/stowarzyszenie-rozwoju-zespolu-szkolno-przedszkolnego-im-jana-pawla-ii-rudnikach-rozwoj-ogolnodostepnej-niekomercyjnej-infrastruktury-rekreacyjnej-poprzez-stworzenie-boiska-wie\/\">WI\u0118CEJ<\/a><span style=\"color: #ff0000;\">\u21d0<\/span><\/strong><\/h2>\n<p>&nbsp;<\/p>\n<p>_____________________________________________________________________<\/p>\n<p><a href=\"http:\/\/razemnawyzyny.pl\/zapraszamy-na-piknik\/60989293_853405418356113_1295279505597792256_n\/\" rel=\"attachment wp-att-8255\"><img loading=\"lazy\" decoding=\"async\" class=\"alignleft wp-image-8255 size-full\" src=\"http:\/\/razemnawyzyny.pl\/wp-content\/uploads\/2019\/05\/60989293_853405418356113_1295279505597792256_n-e1590053568506.jpg\" alt=\"\" width=\"250\" height=\"353\" \/><\/a>STOWARZYSZENIE NA RZECZ ROZWOJU WSI JACK\u00d3W I BABY 'NASZ DOM&#8217; &#8211; \u201eSPRYTNIE SI\u0118 ROZWIJAMY 'ROZBRYKANIEC&#8217;-budowa mini placu linowego w miejscowo\u015bci Jack\u00f3w.&#8221;<\/p>\n<p>&nbsp;<\/p>\n<p>&nbsp;<\/p>\n<h2><span style=\"color: #ff0000;\">\u21d2<\/span><strong><a href=\"https:\/\/razemnawyzyny.pl\/projekt-grantowy-mar\/zrealizowane-zadania-mar\/stowarzyszenie-rzecz-rozwoju-wsi-jackow-baby-dom-sprytnie-sie-rozwijamy-rozbrykaniec-budowa-mini-placu-linowego-miejscowosci-jackow\/\">WI\u0118CEJ<\/a><span style=\"color: #ff0000;\">\u21d0<\/span><\/strong><\/h2>\n","protected":false},"excerpt":{"rendered":"<p>&nbsp; Ochotnicza Stra\u017c Po\u017carna w Zdrowej &#8211; \u201eBudowa centrum aktywno\u015bci ruchowej dla dzieci w miejscowo\u015bci Zdrowa.\u201d &nbsp; \u21d2WI\u0118CEJ\u21d0 &nbsp; &nbsp; &nbsp; ___________________________________________________________________ OCHOTNICZA STRA\u017b PO\u017bARNA W JACKOWIE &#8211; \u201ePLENEROWY FITNESS-utworzenie si\u0142owni zewn\u0119trznej w miejscowo\u015bci Baby.&#8221; &nbsp; \u21d2WI\u0118CEJ\u21d0 &nbsp; &nbsp; &nbsp; ________________________________________________________________________ Klub Sportowy &#8222;P\u0142omie\u0144&#8221; Lgota Ma\u0142a &#8211; \u201eZakup i monta\u017c pi\u0142ko chwyt\u00f3w wraz z zakupem [&hellip;]<\/p>\n","protected":false},"author":11,"featured_media":0,"parent":7854,"menu_order":0,"comment_status":"closed","ping_status":"closed","template":"","meta":{"footnotes":""},"yoast_head":"<!-- This site is optimized with the Yoast SEO plugin v22.7 - https:\/\/yoast.com\/wordpress\/plugins\/seo\/ -->\n<title>Zrealizowane zadania MAR - Stowarzyszenie &quot;Razem na wy\u017cyny&quot;<\/title>\n<meta name=\"robots\" content=\"index, follow, max-snippet:-1, max-image-preview:large, max-video-preview:-1\" \/>\n<link rel=\"canonical\" href=\"https:\/\/razemnawyzyny.pl\/projekt-grantowy-mar\/zrealizowane-zadania-mar\/\" \/>\n<meta property=\"og:locale\" content=\"pl_PL\" \/>\n<meta property=\"og:type\" content=\"article\" \/>\n<meta property=\"og:title\" content=\"Zrealizowane zadania MAR - Stowarzyszenie &quot;Razem na wy\u017cyny&quot;\" \/>\n<meta property=\"og:description\" content=\"&nbsp; Ochotnicza Stra\u017c Po\u017carna w Zdrowej &#8211; \u201eBudowa centrum aktywno\u015bci ruchowej dla dzieci w miejscowo\u015bci Zdrowa.\u201d &nbsp; \u21d2WI\u0118CEJ\u21d0 &nbsp; &nbsp; &nbsp; ___________________________________________________________________ OCHOTNICZA STRA\u017b PO\u017bARNA W JACKOWIE &#8211; \u201ePLENEROWY FITNESS-utworzenie si\u0142owni zewn\u0119trznej w miejscowo\u015bci Baby.&#8221; &nbsp; \u21d2WI\u0118CEJ\u21d0 &nbsp; &nbsp; &nbsp; ________________________________________________________________________ Klub Sportowy &#8222;P\u0142omie\u0144&#8221; Lgota Ma\u0142a &#8211; \u201eZakup i monta\u017c pi\u0142ko chwyt\u00f3w wraz z zakupem [&hellip;]\" \/>\n<meta property=\"og:url\" content=\"https:\/\/razemnawyzyny.pl\/projekt-grantowy-mar\/zrealizowane-zadania-mar\/\" \/>\n<meta property=\"og:site_name\" content=\"Stowarzyszenie &quot;Razem na wy\u017cyny&quot;\" \/>\n<meta property=\"article:modified_time\" content=\"2020-06-29T10:06:50+00:00\" \/>\n<meta property=\"og:image\" content=\"http:\/\/razemnawyzyny.pl\/wp-content\/uploads\/2019\/07\/222-e1590053392868.jpg\" \/>\n<meta name=\"twitter:card\" content=\"summary_large_image\" \/>\n<meta name=\"twitter:label1\" content=\"Szacowany czas czytania\" \/>\n\t<meta name=\"twitter:data1\" content=\"2 minuty\" \/>\n<script type=\"application\/ld+json\" class=\"yoast-schema-graph\">{\"@context\":\"https:\/\/schema.org\",\"@graph\":[{\"@type\":\"WebPage\",\"@id\":\"https:\/\/razemnawyzyny.pl\/projekt-grantowy-mar\/zrealizowane-zadania-mar\/\",\"url\":\"https:\/\/razemnawyzyny.pl\/projekt-grantowy-mar\/zrealizowane-zadania-mar\/\",\"name\":\"Zrealizowane zadania MAR - Stowarzyszenie &quot;Razem na wy\u017cyny&quot;\",\"isPartOf\":{\"@id\":\"https:\/\/razemnawyzyny.pl\/#website\"},\"primaryImageOfPage\":{\"@id\":\"https:\/\/razemnawyzyny.pl\/projekt-grantowy-mar\/zrealizowane-zadania-mar\/#primaryimage\"},\"image\":{\"@id\":\"https:\/\/razemnawyzyny.pl\/projekt-grantowy-mar\/zrealizowane-zadania-mar\/#primaryimage\"},\"thumbnailUrl\":\"http:\/\/razemnawyzyny.pl\/wp-content\/uploads\/2019\/07\/222-e1590053392868.jpg\",\"datePublished\":\"2020-05-21T10:28:32+00:00\",\"dateModified\":\"2020-06-29T10:06:50+00:00\",\"breadcrumb\":{\"@id\":\"https:\/\/razemnawyzyny.pl\/projekt-grantowy-mar\/zrealizowane-zadania-mar\/#breadcrumb\"},\"inLanguage\":\"pl-PL\",\"potentialAction\":[{\"@type\":\"ReadAction\",\"target\":[\"https:\/\/razemnawyzyny.pl\/projekt-grantowy-mar\/zrealizowane-zadania-mar\/\"]}]},{\"@type\":\"ImageObject\",\"inLanguage\":\"pl-PL\",\"@id\":\"https:\/\/razemnawyzyny.pl\/projekt-grantowy-mar\/zrealizowane-zadania-mar\/#primaryimage\",\"url\":\"https:\/\/razemnawyzyny.pl\/wp-content\/uploads\/2019\/07\/222-e1590053392868.jpg\",\"contentUrl\":\"https:\/\/razemnawyzyny.pl\/wp-content\/uploads\/2019\/07\/222-e1590053392868.jpg\",\"width\":250,\"height\":353},{\"@type\":\"BreadcrumbList\",\"@id\":\"https:\/\/razemnawyzyny.pl\/projekt-grantowy-mar\/zrealizowane-zadania-mar\/#breadcrumb\",\"itemListElement\":[{\"@type\":\"ListItem\",\"position\":1,\"name\":\"Strona g\u0142\u00f3wna\",\"item\":\"https:\/\/razemnawyzyny.pl\/\"},{\"@type\":\"ListItem\",\"position\":2,\"name\":\"Projekt grantowy MAR\",\"item\":\"https:\/\/razemnawyzyny.pl\/projekt-grantowy-mar\/\"},{\"@type\":\"ListItem\",\"position\":3,\"name\":\"Zrealizowane zadania MAR\"}]},{\"@type\":\"WebSite\",\"@id\":\"https:\/\/razemnawyzyny.pl\/#website\",\"url\":\"https:\/\/razemnawyzyny.pl\/\",\"name\":\"Stowarzyszenie &quot;Razem na wy\u017cyny&quot;\",\"description\":\"Stowarzyszenie\",\"potentialAction\":[{\"@type\":\"SearchAction\",\"target\":{\"@type\":\"EntryPoint\",\"urlTemplate\":\"https:\/\/razemnawyzyny.pl\/?s={search_term_string}\"},\"query-input\":\"required name=search_term_string\"}],\"inLanguage\":\"pl-PL\"}]}<\/script>\n<!-- \/ Yoast SEO plugin. -->","yoast_head_json":{"title":"Zrealizowane zadania MAR - Stowarzyszenie &quot;Razem na wy\u017cyny&quot;","robots":{"index":"index","follow":"follow","max-snippet":"max-snippet:-1","max-image-preview":"max-image-preview:large","max-video-preview":"max-video-preview:-1"},"canonical":"https:\/\/razemnawyzyny.pl\/projekt-grantowy-mar\/zrealizowane-zadania-mar\/","og_locale":"pl_PL","og_type":"article","og_title":"Zrealizowane zadania MAR - Stowarzyszenie &quot;Razem na wy\u017cyny&quot;","og_description":"&nbsp; Ochotnicza Stra\u017c Po\u017carna w Zdrowej &#8211; \u201eBudowa centrum aktywno\u015bci ruchowej dla dzieci w miejscowo\u015bci Zdrowa.\u201d &nbsp; \u21d2WI\u0118CEJ\u21d0 &nbsp; &nbsp; &nbsp; ___________________________________________________________________ OCHOTNICZA STRA\u017b PO\u017bARNA W JACKOWIE &#8211; \u201ePLENEROWY FITNESS-utworzenie si\u0142owni zewn\u0119trznej w miejscowo\u015bci Baby.&#8221; &nbsp; \u21d2WI\u0118CEJ\u21d0 &nbsp; &nbsp; &nbsp; ________________________________________________________________________ Klub Sportowy &#8222;P\u0142omie\u0144&#8221; Lgota Ma\u0142a &#8211; \u201eZakup i monta\u017c pi\u0142ko chwyt\u00f3w wraz z zakupem [&hellip;]","og_url":"https:\/\/razemnawyzyny.pl\/projekt-grantowy-mar\/zrealizowane-zadania-mar\/","og_site_name":"Stowarzyszenie &quot;Razem na wy\u017cyny&quot;","article_modified_time":"2020-06-29T10:06:50+00:00","og_image":[{"url":"http:\/\/razemnawyzyny.pl\/wp-content\/uploads\/2019\/07\/222-e1590053392868.jpg"}],"twitter_card":"summary_large_image","twitter_misc":{"Szacowany czas czytania":"2 minuty"},"schema":{"@context":"https:\/\/schema.org","@graph":[{"@type":"WebPage","@id":"https:\/\/razemnawyzyny.pl\/projekt-grantowy-mar\/zrealizowane-zadania-mar\/","url":"https:\/\/razemnawyzyny.pl\/projekt-grantowy-mar\/zrealizowane-zadania-mar\/","name":"Zrealizowane zadania MAR - Stowarzyszenie &quot;Razem na wy\u017cyny&quot;","isPartOf":{"@id":"https:\/\/razemnawyzyny.pl\/#website"},"primaryImageOfPage":{"@id":"https:\/\/razemnawyzyny.pl\/projekt-grantowy-mar\/zrealizowane-zadania-mar\/#primaryimage"},"image":{"@id":"https:\/\/razemnawyzyny.pl\/projekt-grantowy-mar\/zrealizowane-zadania-mar\/#primaryimage"},"thumbnailUrl":"http:\/\/razemnawyzyny.pl\/wp-content\/uploads\/2019\/07\/222-e1590053392868.jpg","datePublished":"2020-05-21T10:28:32+00:00","dateModified":"2020-06-29T10:06:50+00:00","breadcrumb":{"@id":"https:\/\/razemnawyzyny.pl\/projekt-grantowy-mar\/zrealizowane-zadania-mar\/#breadcrumb"},"inLanguage":"pl-PL","potentialAction":[{"@type":"ReadAction","target":["https:\/\/razemnawyzyny.pl\/projekt-grantowy-mar\/zrealizowane-zadania-mar\/"]}]},{"@type":"ImageObject","inLanguage":"pl-PL","@id":"https:\/\/razemnawyzyny.pl\/projekt-grantowy-mar\/zrealizowane-zadania-mar\/#primaryimage","url":"https:\/\/razemnawyzyny.pl\/wp-content\/uploads\/2019\/07\/222-e1590053392868.jpg","contentUrl":"https:\/\/razemnawyzyny.pl\/wp-content\/uploads\/2019\/07\/222-e1590053392868.jpg","width":250,"height":353},{"@type":"BreadcrumbList","@id":"https:\/\/razemnawyzyny.pl\/projekt-grantowy-mar\/zrealizowane-zadania-mar\/#breadcrumb","itemListElement":[{"@type":"ListItem","position":1,"name":"Strona g\u0142\u00f3wna","item":"https:\/\/razemnawyzyny.pl\/"},{"@type":"ListItem","position":2,"name":"Projekt grantowy MAR","item":"https:\/\/razemnawyzyny.pl\/projekt-grantowy-mar\/"},{"@type":"ListItem","position":3,"name":"Zrealizowane zadania MAR"}]},{"@type":"WebSite","@id":"https:\/\/razemnawyzyny.pl\/#website","url":"https:\/\/razemnawyzyny.pl\/","name":"Stowarzyszenie &quot;Razem na wy\u017cyny&quot;","description":"Stowarzyszenie","potentialAction":[{"@type":"SearchAction","target":{"@type":"EntryPoint","urlTemplate":"https:\/\/razemnawyzyny.pl\/?s={search_term_string}"},"query-input":"required name=search_term_string"}],"inLanguage":"pl-PL"}]}},"_links":{"self":[{"href":"https:\/\/razemnawyzyny.pl\/wp-json\/wp\/v2\/pages\/9125"}],"collection":[{"href":"https:\/\/razemnawyzyny.pl\/wp-json\/wp\/v2\/pages"}],"about":[{"href":"https:\/\/razemnawyzyny.pl\/wp-json\/wp\/v2\/types\/page"}],"author":[{"embeddable":true,"href":"https:\/\/razemnawyzyny.pl\/wp-json\/wp\/v2\/users\/11"}],"replies":[{"embeddable":true,"href":"https:\/\/razemnawyzyny.pl\/wp-json\/wp\/v2\/comments?post=9125"}],"version-history":[{"count":39,"href":"https:\/\/razemnawyzyny.pl\/wp-json\/wp\/v2\/pages\/9125\/revisions"}],"predecessor-version":[{"id":9462,"href":"https:\/\/razemnawyzyny.pl\/wp-json\/wp\/v2\/pages\/9125\/revisions\/9462"}],"up":[{"embeddable":true,"href":"https:\/\/razemnawyzyny.pl\/wp-json\/wp\/v2\/pages\/7854"}],"wp:attachment":[{"href":"https:\/\/razemnawyzyny.pl\/wp-json\/wp\/v2\/media?parent=9125"}],"curies":[{"name":"wp","href":"https:\/\/api.w.org\/{rel}","templated":true}]}}