{"id":9433,"date":"2020-06-26T09:55:56","date_gmt":"2020-06-26T09:55:56","guid":{"rendered":"http:\/\/razemnawyzyny.pl\/?page_id=9433"},"modified":"2020-06-26T09:55:57","modified_gmt":"2020-06-26T09:55:57","slug":"ochotnicza-straz-pozarna-ulesiu-osp-ulesie-silownie-buduje-aktywnosci-ruchowej-mobilizuje","status":"publish","type":"page","link":"https:\/\/razemnawyzyny.pl\/ochotnicza-straz-pozarna-ulesiu-osp-ulesie-silownie-buduje-aktywnosci-ruchowej-mobilizuje\/","title":{"rendered":"Ochotnicza Stra\u017c Po\u017carna w Ulesiu \u2013 \u201eOSP Ulesie si\u0142owni\u0119 buduje i do aktywno\u015bci ruchowej mobilizuje\u201d"},"content":{"rendered":"<p><strong>Termin realizacji zadania: 29.11.2018\u00a0r. \u2013 31.07.2019\u00a0r.<\/strong><\/p>\n<p>Zadanie obejmowa\u0142o:<\/p>\n<ul>\n<li>stworzenie si\u0142owni w budynku OSP Ulesie<\/li>\n<li>Organizacja festynu rodzinnego<\/li>\n<\/ul>\n<p>Dzi\u0119ki pozyskanemu dofinansowaniu powsta\u0142 nowoczesny obiekt sportowo-rekreacyjny w postaci si\u0142owni\u00a0 w budynku remizy OSP w Ulesiu. Zakupiony zosta\u0142 nowoczesny<br \/>\nsprz\u0119t, taki jak: rozbudowany atlas TYTAN 15, bie\u017cnia elektryczna, orbitrek\u00a0magnetyczny, stojak do przysiad\u00f3w, \u0142awka: do przysiad\u00f3w, treningowa, pod sztang\u0119, sko\u015bna do brzuszk\u00f3w, zestawy gryf\u00f3w i obci\u0105\u017ce\u0144 olimpijskich oraz gryf zaczepowy,<br \/>\ndr\u0105\u017cek: kierownica, d\u0142ugi do wyci\u0105gu. Uroczyste otwarcie si\u0142owni odby\u0142o si\u0119 podczas\u00a0festynu rodzinnego, w trakcie kt\u00f3rego odby\u0142y si\u0119 zawody\u00a0armwrestlingu, oraz liczne konkursy.<\/p>\n<p><a href=\"http:\/\/razemnawyzyny.pl\/wp-content\/uploads\/2020\/06\/Bez-tytu\u0142u.png\"><img loading=\"lazy\" decoding=\"async\" class=\"alignnone size-full wp-image-9437\" src=\"http:\/\/razemnawyzyny.pl\/wp-content\/uploads\/2020\/06\/Bez-tytu\u0142u.png\" alt=\"\" width=\"960\" height=\"720\" srcset=\"https:\/\/razemnawyzyny.pl\/wp-content\/uploads\/2020\/06\/Bez-tytu\u0142u.png 960w, https:\/\/razemnawyzyny.pl\/wp-content\/uploads\/2020\/06\/Bez-tytu\u0142u-768x576.png 768w, https:\/\/razemnawyzyny.pl\/wp-content\/uploads\/2020\/06\/Bez-tytu\u0142u-80x60.png 80w, https:\/\/razemnawyzyny.pl\/wp-content\/uploads\/2020\/06\/Bez-tytu\u0142u-265x198.png 265w, https:\/\/razemnawyzyny.pl\/wp-content\/uploads\/2020\/06\/Bez-tytu\u0142u-696x522.png 696w, https:\/\/razemnawyzyny.pl\/wp-content\/uploads\/2020\/06\/Bez-tytu\u0142u-560x420.png 560w\" sizes=\"(max-width: 960px) 100vw, 960px\" \/><\/a><a href=\"http:\/\/razemnawyzyny.pl\/wp-content\/uploads\/2020\/06\/2.png\"><img loading=\"lazy\" decoding=\"async\" class=\"alignnone size-full wp-image-9436\" src=\"http:\/\/razemnawyzyny.pl\/wp-content\/uploads\/2020\/06\/2.png\" alt=\"\" width=\"960\" height=\"720\" srcset=\"https:\/\/razemnawyzyny.pl\/wp-content\/uploads\/2020\/06\/2.png 960w, https:\/\/razemnawyzyny.pl\/wp-content\/uploads\/2020\/06\/2-768x576.png 768w, https:\/\/razemnawyzyny.pl\/wp-content\/uploads\/2020\/06\/2-80x60.png 80w, https:\/\/razemnawyzyny.pl\/wp-content\/uploads\/2020\/06\/2-265x198.png 265w, https:\/\/razemnawyzyny.pl\/wp-content\/uploads\/2020\/06\/2-696x522.png 696w, https:\/\/razemnawyzyny.pl\/wp-content\/uploads\/2020\/06\/2-560x420.png 560w\" sizes=\"(max-width: 960px) 100vw, 960px\" \/><\/a><a href=\"http:\/\/razemnawyzyny.pl\/wp-content\/uploads\/2020\/06\/1.png\"><img loading=\"lazy\" decoding=\"async\" class=\"alignnone size-full wp-image-9435\" src=\"http:\/\/razemnawyzyny.pl\/wp-content\/uploads\/2020\/06\/1.png\" alt=\"\" width=\"960\" height=\"720\" srcset=\"https:\/\/razemnawyzyny.pl\/wp-content\/uploads\/2020\/06\/1.png 960w, https:\/\/razemnawyzyny.pl\/wp-content\/uploads\/2020\/06\/1-768x576.png 768w, https:\/\/razemnawyzyny.pl\/wp-content\/uploads\/2020\/06\/1-80x60.png 80w, https:\/\/razemnawyzyny.pl\/wp-content\/uploads\/2020\/06\/1-265x198.png 265w, https:\/\/razemnawyzyny.pl\/wp-content\/uploads\/2020\/06\/1-696x522.png 696w, https:\/\/razemnawyzyny.pl\/wp-content\/uploads\/2020\/06\/1-560x420.png 560w\" sizes=\"(max-width: 960px) 100vw, 960px\" \/><\/a><strong>Warto\u015b\u0107 zadania:<\/strong>\u00a028 035,63 z\u0142<strong><em><br \/>\n<\/em>Kwota grantu:<\/strong>\u00a024 090,00 z\u0142<\/p>\n","protected":false},"excerpt":{"rendered":"<p>Termin realizacji zadania: 29.11.2018\u00a0r. \u2013 31.07.2019\u00a0r. Zadanie obejmowa\u0142o: stworzenie si\u0142owni w budynku OSP Ulesie Organizacja festynu rodzinnego Dzi\u0119ki pozyskanemu dofinansowaniu powsta\u0142 nowoczesny obiekt sportowo-rekreacyjny w postaci si\u0142owni\u00a0 w budynku remizy OSP w Ulesiu. Zakupiony zosta\u0142 nowoczesny sprz\u0119t, taki jak: rozbudowany atlas TYTAN 15, bie\u017cnia elektryczna, orbitrek\u00a0magnetyczny, stojak do przysiad\u00f3w, \u0142awka: do przysiad\u00f3w, treningowa, pod sztang\u0119, [&hellip;]<\/p>\n","protected":false},"author":10,"featured_media":0,"parent":0,"menu_order":0,"comment_status":"closed","ping_status":"closed","template":"","meta":{"footnotes":""},"yoast_head":"<!-- This site is optimized with the Yoast SEO plugin v22.7 - https:\/\/yoast.com\/wordpress\/plugins\/seo\/ -->\n<title>Ochotnicza Stra\u017c Po\u017carna w Ulesiu \u2013 \u201eOSP Ulesie si\u0142owni\u0119 buduje i do aktywno\u015bci ruchowej mobilizuje\u201d - Stowarzyszenie &quot;Razem na wy\u017cyny&quot;<\/title>\n<meta name=\"robots\" content=\"index, follow, max-snippet:-1, max-image-preview:large, max-video-preview:-1\" \/>\n<link rel=\"canonical\" href=\"https:\/\/razemnawyzyny.pl\/ochotnicza-straz-pozarna-ulesiu-osp-ulesie-silownie-buduje-aktywnosci-ruchowej-mobilizuje\/\" \/>\n<meta property=\"og:locale\" content=\"pl_PL\" \/>\n<meta property=\"og:type\" content=\"article\" \/>\n<meta property=\"og:title\" content=\"Ochotnicza Stra\u017c Po\u017carna w Ulesiu \u2013 \u201eOSP Ulesie si\u0142owni\u0119 buduje i do aktywno\u015bci ruchowej mobilizuje\u201d - Stowarzyszenie &quot;Razem na wy\u017cyny&quot;\" \/>\n<meta property=\"og:description\" content=\"Termin realizacji zadania: 29.11.2018\u00a0r. \u2013 31.07.2019\u00a0r. Zadanie obejmowa\u0142o: stworzenie si\u0142owni w budynku OSP Ulesie Organizacja festynu rodzinnego Dzi\u0119ki pozyskanemu dofinansowaniu powsta\u0142 nowoczesny obiekt sportowo-rekreacyjny w postaci si\u0142owni\u00a0 w budynku remizy OSP w Ulesiu. Zakupiony zosta\u0142 nowoczesny sprz\u0119t, taki jak: rozbudowany atlas TYTAN 15, bie\u017cnia elektryczna, orbitrek\u00a0magnetyczny, stojak do przysiad\u00f3w, \u0142awka: do przysiad\u00f3w, treningowa, pod sztang\u0119, [&hellip;]\" \/>\n<meta property=\"og:url\" content=\"https:\/\/razemnawyzyny.pl\/ochotnicza-straz-pozarna-ulesiu-osp-ulesie-silownie-buduje-aktywnosci-ruchowej-mobilizuje\/\" \/>\n<meta property=\"og:site_name\" content=\"Stowarzyszenie &quot;Razem na wy\u017cyny&quot;\" \/>\n<meta property=\"article:modified_time\" content=\"2020-06-26T09:55:57+00:00\" \/>\n<meta property=\"og:image\" content=\"http:\/\/razemnawyzyny.pl\/wp-content\/uploads\/2020\/06\/2.png\" \/>\n<meta name=\"twitter:card\" content=\"summary_large_image\" \/>\n<meta name=\"twitter:label1\" content=\"Szacowany czas czytania\" \/>\n\t<meta name=\"twitter:data1\" content=\"1 minuta\" \/>\n<script type=\"application\/ld+json\" class=\"yoast-schema-graph\">{\"@context\":\"https:\/\/schema.org\",\"@graph\":[{\"@type\":\"WebPage\",\"@id\":\"https:\/\/razemnawyzyny.pl\/ochotnicza-straz-pozarna-ulesiu-osp-ulesie-silownie-buduje-aktywnosci-ruchowej-mobilizuje\/\",\"url\":\"https:\/\/razemnawyzyny.pl\/ochotnicza-straz-pozarna-ulesiu-osp-ulesie-silownie-buduje-aktywnosci-ruchowej-mobilizuje\/\",\"name\":\"Ochotnicza Stra\u017c Po\u017carna w Ulesiu \u2013 \u201eOSP Ulesie si\u0142owni\u0119 buduje i do aktywno\u015bci ruchowej mobilizuje\u201d - Stowarzyszenie &quot;Razem na wy\u017cyny&quot;\",\"isPartOf\":{\"@id\":\"https:\/\/razemnawyzyny.pl\/#website\"},\"primaryImageOfPage\":{\"@id\":\"https:\/\/razemnawyzyny.pl\/ochotnicza-straz-pozarna-ulesiu-osp-ulesie-silownie-buduje-aktywnosci-ruchowej-mobilizuje\/#primaryimage\"},\"image\":{\"@id\":\"https:\/\/razemnawyzyny.pl\/ochotnicza-straz-pozarna-ulesiu-osp-ulesie-silownie-buduje-aktywnosci-ruchowej-mobilizuje\/#primaryimage\"},\"thumbnailUrl\":\"http:\/\/razemnawyzyny.pl\/wp-content\/uploads\/2020\/06\/2.png\",\"datePublished\":\"2020-06-26T09:55:56+00:00\",\"dateModified\":\"2020-06-26T09:55:57+00:00\",\"breadcrumb\":{\"@id\":\"https:\/\/razemnawyzyny.pl\/ochotnicza-straz-pozarna-ulesiu-osp-ulesie-silownie-buduje-aktywnosci-ruchowej-mobilizuje\/#breadcrumb\"},\"inLanguage\":\"pl-PL\",\"potentialAction\":[{\"@type\":\"ReadAction\",\"target\":[\"https:\/\/razemnawyzyny.pl\/ochotnicza-straz-pozarna-ulesiu-osp-ulesie-silownie-buduje-aktywnosci-ruchowej-mobilizuje\/\"]}]},{\"@type\":\"ImageObject\",\"inLanguage\":\"pl-PL\",\"@id\":\"https:\/\/razemnawyzyny.pl\/ochotnicza-straz-pozarna-ulesiu-osp-ulesie-silownie-buduje-aktywnosci-ruchowej-mobilizuje\/#primaryimage\",\"url\":\"https:\/\/razemnawyzyny.pl\/wp-content\/uploads\/2020\/06\/2.png\",\"contentUrl\":\"https:\/\/razemnawyzyny.pl\/wp-content\/uploads\/2020\/06\/2.png\",\"width\":960,\"height\":720},{\"@type\":\"BreadcrumbList\",\"@id\":\"https:\/\/razemnawyzyny.pl\/ochotnicza-straz-pozarna-ulesiu-osp-ulesie-silownie-buduje-aktywnosci-ruchowej-mobilizuje\/#breadcrumb\",\"itemListElement\":[{\"@type\":\"ListItem\",\"position\":1,\"name\":\"Strona g\u0142\u00f3wna\",\"item\":\"https:\/\/razemnawyzyny.pl\/\"},{\"@type\":\"ListItem\",\"position\":2,\"name\":\"Ochotnicza Stra\u017c Po\u017carna w Ulesiu \u2013 \u201eOSP Ulesie si\u0142owni\u0119 buduje i do aktywno\u015bci ruchowej mobilizuje\u201d\"}]},{\"@type\":\"WebSite\",\"@id\":\"https:\/\/razemnawyzyny.pl\/#website\",\"url\":\"https:\/\/razemnawyzyny.pl\/\",\"name\":\"Stowarzyszenie &quot;Razem na wy\u017cyny&quot;\",\"description\":\"Stowarzyszenie\",\"potentialAction\":[{\"@type\":\"SearchAction\",\"target\":{\"@type\":\"EntryPoint\",\"urlTemplate\":\"https:\/\/razemnawyzyny.pl\/?s={search_term_string}\"},\"query-input\":\"required name=search_term_string\"}],\"inLanguage\":\"pl-PL\"}]}<\/script>\n<!-- \/ Yoast SEO plugin. -->","yoast_head_json":{"title":"Ochotnicza Stra\u017c Po\u017carna w Ulesiu \u2013 \u201eOSP Ulesie si\u0142owni\u0119 buduje i do aktywno\u015bci ruchowej mobilizuje\u201d - Stowarzyszenie &quot;Razem na wy\u017cyny&quot;","robots":{"index":"index","follow":"follow","max-snippet":"max-snippet:-1","max-image-preview":"max-image-preview:large","max-video-preview":"max-video-preview:-1"},"canonical":"https:\/\/razemnawyzyny.pl\/ochotnicza-straz-pozarna-ulesiu-osp-ulesie-silownie-buduje-aktywnosci-ruchowej-mobilizuje\/","og_locale":"pl_PL","og_type":"article","og_title":"Ochotnicza Stra\u017c Po\u017carna w Ulesiu \u2013 \u201eOSP Ulesie si\u0142owni\u0119 buduje i do aktywno\u015bci ruchowej mobilizuje\u201d - Stowarzyszenie &quot;Razem na wy\u017cyny&quot;","og_description":"Termin realizacji zadania: 29.11.2018\u00a0r. \u2013 31.07.2019\u00a0r. Zadanie obejmowa\u0142o: stworzenie si\u0142owni w budynku OSP Ulesie Organizacja festynu rodzinnego Dzi\u0119ki pozyskanemu dofinansowaniu powsta\u0142 nowoczesny obiekt sportowo-rekreacyjny w postaci si\u0142owni\u00a0 w budynku remizy OSP w Ulesiu. Zakupiony zosta\u0142 nowoczesny sprz\u0119t, taki jak: rozbudowany atlas TYTAN 15, bie\u017cnia elektryczna, orbitrek\u00a0magnetyczny, stojak do przysiad\u00f3w, \u0142awka: do przysiad\u00f3w, treningowa, pod sztang\u0119, [&hellip;]","og_url":"https:\/\/razemnawyzyny.pl\/ochotnicza-straz-pozarna-ulesiu-osp-ulesie-silownie-buduje-aktywnosci-ruchowej-mobilizuje\/","og_site_name":"Stowarzyszenie &quot;Razem na wy\u017cyny&quot;","article_modified_time":"2020-06-26T09:55:57+00:00","og_image":[{"url":"http:\/\/razemnawyzyny.pl\/wp-content\/uploads\/2020\/06\/2.png"}],"twitter_card":"summary_large_image","twitter_misc":{"Szacowany czas czytania":"1 minuta"},"schema":{"@context":"https:\/\/schema.org","@graph":[{"@type":"WebPage","@id":"https:\/\/razemnawyzyny.pl\/ochotnicza-straz-pozarna-ulesiu-osp-ulesie-silownie-buduje-aktywnosci-ruchowej-mobilizuje\/","url":"https:\/\/razemnawyzyny.pl\/ochotnicza-straz-pozarna-ulesiu-osp-ulesie-silownie-buduje-aktywnosci-ruchowej-mobilizuje\/","name":"Ochotnicza Stra\u017c Po\u017carna w Ulesiu \u2013 \u201eOSP Ulesie si\u0142owni\u0119 buduje i do aktywno\u015bci ruchowej mobilizuje\u201d - Stowarzyszenie &quot;Razem na wy\u017cyny&quot;","isPartOf":{"@id":"https:\/\/razemnawyzyny.pl\/#website"},"primaryImageOfPage":{"@id":"https:\/\/razemnawyzyny.pl\/ochotnicza-straz-pozarna-ulesiu-osp-ulesie-silownie-buduje-aktywnosci-ruchowej-mobilizuje\/#primaryimage"},"image":{"@id":"https:\/\/razemnawyzyny.pl\/ochotnicza-straz-pozarna-ulesiu-osp-ulesie-silownie-buduje-aktywnosci-ruchowej-mobilizuje\/#primaryimage"},"thumbnailUrl":"http:\/\/razemnawyzyny.pl\/wp-content\/uploads\/2020\/06\/2.png","datePublished":"2020-06-26T09:55:56+00:00","dateModified":"2020-06-26T09:55:57+00:00","breadcrumb":{"@id":"https:\/\/razemnawyzyny.pl\/ochotnicza-straz-pozarna-ulesiu-osp-ulesie-silownie-buduje-aktywnosci-ruchowej-mobilizuje\/#breadcrumb"},"inLanguage":"pl-PL","potentialAction":[{"@type":"ReadAction","target":["https:\/\/razemnawyzyny.pl\/ochotnicza-straz-pozarna-ulesiu-osp-ulesie-silownie-buduje-aktywnosci-ruchowej-mobilizuje\/"]}]},{"@type":"ImageObject","inLanguage":"pl-PL","@id":"https:\/\/razemnawyzyny.pl\/ochotnicza-straz-pozarna-ulesiu-osp-ulesie-silownie-buduje-aktywnosci-ruchowej-mobilizuje\/#primaryimage","url":"https:\/\/razemnawyzyny.pl\/wp-content\/uploads\/2020\/06\/2.png","contentUrl":"https:\/\/razemnawyzyny.pl\/wp-content\/uploads\/2020\/06\/2.png","width":960,"height":720},{"@type":"BreadcrumbList","@id":"https:\/\/razemnawyzyny.pl\/ochotnicza-straz-pozarna-ulesiu-osp-ulesie-silownie-buduje-aktywnosci-ruchowej-mobilizuje\/#breadcrumb","itemListElement":[{"@type":"ListItem","position":1,"name":"Strona g\u0142\u00f3wna","item":"https:\/\/razemnawyzyny.pl\/"},{"@type":"ListItem","position":2,"name":"Ochotnicza Stra\u017c Po\u017carna w Ulesiu \u2013 \u201eOSP Ulesie si\u0142owni\u0119 buduje i do aktywno\u015bci ruchowej mobilizuje\u201d"}]},{"@type":"WebSite","@id":"https:\/\/razemnawyzyny.pl\/#website","url":"https:\/\/razemnawyzyny.pl\/","name":"Stowarzyszenie &quot;Razem na wy\u017cyny&quot;","description":"Stowarzyszenie","potentialAction":[{"@type":"SearchAction","target":{"@type":"EntryPoint","urlTemplate":"https:\/\/razemnawyzyny.pl\/?s={search_term_string}"},"query-input":"required name=search_term_string"}],"inLanguage":"pl-PL"}]}},"_links":{"self":[{"href":"https:\/\/razemnawyzyny.pl\/wp-json\/wp\/v2\/pages\/9433"}],"collection":[{"href":"https:\/\/razemnawyzyny.pl\/wp-json\/wp\/v2\/pages"}],"about":[{"href":"https:\/\/razemnawyzyny.pl\/wp-json\/wp\/v2\/types\/page"}],"author":[{"embeddable":true,"href":"https:\/\/razemnawyzyny.pl\/wp-json\/wp\/v2\/users\/10"}],"replies":[{"embeddable":true,"href":"https:\/\/razemnawyzyny.pl\/wp-json\/wp\/v2\/comments?post=9433"}],"version-history":[{"count":2,"href":"https:\/\/razemnawyzyny.pl\/wp-json\/wp\/v2\/pages\/9433\/revisions"}],"predecessor-version":[{"id":9439,"href":"https:\/\/razemnawyzyny.pl\/wp-json\/wp\/v2\/pages\/9433\/revisions\/9439"}],"wp:attachment":[{"href":"https:\/\/razemnawyzyny.pl\/wp-json\/wp\/v2\/media?parent=9433"}],"curies":[{"name":"wp","href":"https:\/\/api.w.org\/{rel}","templated":true}]}}